{"id":11,"date":"2025-08-21T22:03:59","date_gmt":"2025-08-21T22:03:59","guid":{"rendered":"https:\/\/sklep.osgps.pl\/?page_id=11"},"modified":"2025-08-21T22:04:01","modified_gmt":"2025-08-21T22:04:01","slug":"zwroty","status":"publish","type":"page","link":"https:\/\/sklep.osgps.pl\/index.php\/zwroty\/","title":{"rendered":"Polityka zwrot\u00f3w"},"content":{"rendered":"\n<p class=\"p1\"><\/p>\n\n\n\n<p class=\"p2\">Og\u00f3lne zasady<\/p>\n\n\n\n<p class=\"p1\">Nasza polityka zwrot\u00f3w i reklamacji trwa 14 dni. Je\u015bli od daty zakupu min\u0119\u0142o 14 dni, nie mo\u017cemy zaoferowa\u0107 pe\u0142nego zwrotu ani wymiany.<\/p>\n\n\n\n<p class=\"p1\">Aby by\u0107 uprawnionym do zwrotu, produkt musi by\u0107 nieu\u017cywany i w takim samym stanie, w jakim go otrzyma\u0142e\u015b. Musi by\u0107 r\u00f3wnie\u017c w oryginalnym opakowaniu.<\/p>\n\n\n\n<p class=\"p1\">Prosimy, aby nie odsy\u0142a\u0107 zakupionych produkt\u00f3w bezpo\u015brednio do producenta.<\/p>\n\n\n\n<p class=\"p2\">Zwroty pieni\u0119dzy<\/p>\n\n\n\n<p class=\"p1\">Po otrzymaniu i sprawdzeniu zwr\u00f3conego towaru wy\u015blemy do Ciebie e-mail z potwierdzeniem. Poinformujemy Ci\u0119 r\u00f3wnie\u017c o zatwierdzeniu lub odrzuceniu zwrotu pieni\u0119dzy.<\/p>\n\n\n\n<p class=\"p1\">Je\u015bli zwrot zostanie zatwierdzony, \u015brodki zostan\u0105 przetworzone i automatycznie zwr\u00f3cone na Twoj\u0105 kart\u0119 kredytow\u0105 lub pierwotn\u0105 metod\u0119 p\u0142atno\u015bci w ci\u0105gu kilku dni.<\/p>\n\n\n\n<p class=\"p2\">Op\u00f3\u017anione lub brakuj\u0105ce zwroty<\/p>\n\n\n\n<p class=\"p1\">Je\u015bli nie otrzyma\u0142e\u015b jeszcze zwrotu:<\/p>\n\n\n\n<p class=\"p2\">Sprawd\u017a ponownie swoje konto bankowe. Skontaktuj si\u0119 z wystawc\u0105 karty kredytowej \u2013 czasami mo\u017ce up\u0142yn\u0105\u0107 kilka dni zanim zwrot zostanie oficjalnie zaksi\u0119gowany. Nast\u0119pnie skontaktuj si\u0119 ze swoim bankiem \u2013 cz\u0119sto wyst\u0119puje dodatkowy czas przetwarzania.<\/p>\n\n\n\n<p class=\"p1\">Je\u015bli zrobi\u0142e\u015b to wszystko, a zwrot nadal nie dotar\u0142, skontaktuj si\u0119 z nami pod adresem info@osgps.pl.<\/p>\n\n\n\n<p class=\"p2\">Produkty w promocji<\/p>\n\n\n\n<p class=\"p1\">Zwrotowi podlegaj\u0105 tylko produkty w cenie regularnej. Produkty przecenione nie podlegaj\u0105 zwrotowi.<\/p>\n\n\n\n<p class=\"p2\">Wymiany<\/p>\n\n\n\n<p class=\"p1\">Wymieniamy produkty wy\u0142\u0105cznie w przypadku, gdy s\u0105 wadliwe lub uszkodzone. Je\u015bli chcesz wymieni\u0107 produkt na taki sam, wy\u015blij nam e-mail na adres info@osgps.pl i ode\u015blij produkt na wskazany adres.<\/p>\n\n\n\n<p class=\"p2\">Zwroty przesy\u0142kowe<\/p>\n\n\n\n<p class=\"p1\">Aby zwr\u00f3ci\u0107 produkt, nale\u017cy wys\u0142a\u0107 go na wskazany adres po wcze\u015bniejszym kontakcie z nami: info@osgps.pl.<\/p>\n\n\n\n<p class=\"p1\">Koszty wysy\u0142ki zwrotnej pokrywa kupuj\u0105cy. Koszty wysy\u0142ki nie podlegaj\u0105 zwrotowi. Je\u015bli otrzymasz zwrot pieni\u0119dzy, koszt odes\u0142ania produktu zostanie odliczony od kwoty zwrotu.<\/p>\n\n\n\n<p class=\"p1\">W zale\u017cno\u015bci od miejsca zamieszkania, czas potrzebny na wymian\u0119 produktu mo\u017ce si\u0119 r\u00f3\u017cni\u0107.<\/p>\n\n\n\n<p class=\"p1\">W przypadku zwrotu dro\u017cszych przedmiot\u00f3w rozwa\u017c u\u017cycie us\u0142ugi \u015bledzenia przesy\u0142ki lub wykupienie ubezpieczenia. Nie gwarantujemy, \u017ce otrzymamy zwracany produkt.<\/p>\n\n\n\n<p class=\"p2\">Pomoc<\/p>\n\n\n\n<p class=\"p1\">W razie pyta\u0144 dotycz\u0105cych zwrot\u00f3w i reklamacji prosimy o kontakt pod adresem: info@osgps.pl.<\/p>\n\n\n\n<p class=\"p1\"><\/p>\n","protected":false},"excerpt":{"rendered":"<p>Og\u00f3lne zasady Nasza polityka zwrot\u00f3w i reklamacji trwa 14 dni. Je\u015bli od daty zakupu min\u0119\u0142o 14 dni, nie mo\u017cemy zaoferowa\u0107 [&hellip;]<\/p>\n","protected":false},"author":1,"featured_media":0,"parent":0,"menu_order":0,"comment_status":"closed","ping_status":"closed","template":"","meta":{"site-sidebar-layout":"default","site-content-layout":"","ast-site-content-layout":"default","site-content-style":"default","site-sidebar-style":"default","ast-global-header-display":"","ast-banner-title-visibility":"","ast-main-header-display":"","ast-hfb-above-header-display":"","ast-hfb-below-header-display":"","ast-hfb-mobile-header-display":"","site-post-title":"","ast-breadcrumbs-content":"","ast-featured-img":"","footer-sml-layout":"","ast-disable-related-posts":"","theme-transparent-header-meta":"","adv-header-id-meta":"","stick-header-meta":"","header-above-stick-meta":"","header-main-stick-meta":"","header-below-stick-meta":"","astra-migrate-meta-layouts":"default","ast-page-background-enabled":"default","ast-page-background-meta":{"desktop":{"background-color":"var(--ast-global-color-5)","background-image":"","background-repeat":"repeat","background-position":"center center","background-size":"auto","background-attachment":"scroll","background-type":"","background-media":"","overlay-type":"","overlay-color":"","overlay-opacity":"","overlay-gradient":""},"tablet":{"background-color":"","background-image":"","background-repeat":"repeat","background-position":"center center","background-size":"auto","background-attachment":"scroll","background-type":"","background-media":"","overlay-type":"","overlay-color":"","overlay-opacity":"","overlay-gradient":""},"mobile":{"background-color":"","background-image":"","background-repeat":"repeat","background-position":"center center","background-size":"auto","background-attachment":"scroll","background-type":"","background-media":"","overlay-type":"","overlay-color":"","overlay-opacity":"","overlay-gradient":""}},"ast-content-background-meta":{"desktop":{"background-color":"var(--ast-global-color-4)","background-image":"","background-repeat":"repeat","background-position":"center center","background-size":"auto","background-attachment":"scroll","background-type":"","background-media":"","overlay-type":"","overlay-color":"","overlay-opacity":"","overlay-gradient":""},"tablet":{"background-color":"var(--ast-global-color-4)","background-image":"","background-repeat":"repeat","background-position":"center center","background-size":"auto","background-attachment":"scroll","background-type":"","background-media":"","overlay-type":"","overlay-color":"","overlay-opacity":"","overlay-gradient":""},"mobile":{"background-color":"var(--ast-global-color-4)","background-image":"","background-repeat":"repeat","background-position":"center center","background-size":"auto","background-attachment":"scroll","background-type":"","background-media":"","overlay-type":"","overlay-color":"","overlay-opacity":"","overlay-gradient":""}},"footnotes":""},"class_list":["post-11","page","type-page","status-publish","hentry"],"yoast_head":"<!-- This site is optimized with the Yoast SEO plugin v27.4 - https:\/\/yoast.com\/product\/yoast-seo-wordpress\/ -->\n<title>Polityka zwrot\u00f3w - OMNI System<\/title>\n<meta name=\"robots\" content=\"index, follow, max-snippet:-1, max-image-preview:large, max-video-preview:-1\" \/>\n<link rel=\"canonical\" href=\"https:\/\/sklep.osgps.pl\/index.php\/zwroty\/\" \/>\n<meta property=\"og:locale\" content=\"pl_PL\" \/>\n<meta property=\"og:type\" content=\"article\" \/>\n<meta property=\"og:title\" content=\"Polityka zwrot\u00f3w - OMNI System\" \/>\n<meta property=\"og:description\" content=\"Og\u00f3lne zasady Nasza polityka zwrot\u00f3w i reklamacji trwa 14 dni. Je\u015bli od daty zakupu min\u0119\u0142o 14 dni, nie mo\u017cemy zaoferowa\u0107 [&hellip;]\" \/>\n<meta property=\"og:url\" content=\"https:\/\/sklep.osgps.pl\/index.php\/zwroty\/\" \/>\n<meta property=\"og:site_name\" content=\"OMNI System\" \/>\n<meta property=\"article:modified_time\" content=\"2025-08-21T22:04:01+00:00\" \/>\n<meta name=\"twitter:card\" content=\"summary_large_image\" \/>\n<meta name=\"twitter:label1\" content=\"Szacowany czas czytania\" \/>\n\t<meta name=\"twitter:data1\" content=\"2 minuty\" \/>\n<!-- \/ Yoast SEO plugin. -->","yoast_head_json":{"title":"Polityka zwrot\u00f3w - OMNI System","robots":{"index":"index","follow":"follow","max-snippet":"max-snippet:-1","max-image-preview":"max-image-preview:large","max-video-preview":"max-video-preview:-1"},"canonical":"https:\/\/sklep.osgps.pl\/index.php\/zwroty\/","og_locale":"pl_PL","og_type":"article","og_title":"Polityka zwrot\u00f3w - OMNI System","og_description":"Og\u00f3lne zasady Nasza polityka zwrot\u00f3w i reklamacji trwa 14 dni. Je\u015bli od daty zakupu min\u0119\u0142o 14 dni, nie mo\u017cemy zaoferowa\u0107 [&hellip;]","og_url":"https:\/\/sklep.osgps.pl\/index.php\/zwroty\/","og_site_name":"OMNI System","article_modified_time":"2025-08-21T22:04:01+00:00","twitter_card":"summary_large_image","twitter_misc":{"Szacowany czas czytania":"2 minuty"},"schema":{"@context":"https:\/\/schema.org","@graph":[{"@type":"WebPage","@id":"https:\/\/sklep.osgps.pl\/index.php\/zwroty\/","url":"https:\/\/sklep.osgps.pl\/index.php\/zwroty\/","name":"Polityka zwrot\u00f3w - OMNI System","isPartOf":{"@id":"https:\/\/sklep.osgps.pl\/#website"},"datePublished":"2025-08-21T22:03:59+00:00","dateModified":"2025-08-21T22:04:01+00:00","breadcrumb":{"@id":"https:\/\/sklep.osgps.pl\/index.php\/zwroty\/#breadcrumb"},"inLanguage":"pl-PL","potentialAction":[{"@type":"ReadAction","target":["https:\/\/sklep.osgps.pl\/index.php\/zwroty\/"]}]},{"@type":"BreadcrumbList","@id":"https:\/\/sklep.osgps.pl\/index.php\/zwroty\/#breadcrumb","itemListElement":[{"@type":"ListItem","position":1,"name":"Strona g\u0142\u00f3wna","item":"https:\/\/sklep.osgps.pl\/"},{"@type":"ListItem","position":2,"name":"Polityka zwrot\u00f3w"}]},{"@type":"WebSite","@id":"https:\/\/sklep.osgps.pl\/#website","url":"https:\/\/sklep.osgps.pl\/","name":"OMNI System","description":"Smart Fleet Tracking","publisher":{"@id":"https:\/\/sklep.osgps.pl\/#organization"},"potentialAction":[{"@type":"SearchAction","target":{"@type":"EntryPoint","urlTemplate":"https:\/\/sklep.osgps.pl\/?s={search_term_string}"},"query-input":{"@type":"PropertyValueSpecification","valueRequired":true,"valueName":"search_term_string"}}],"inLanguage":"pl-PL"},{"@type":"Organization","@id":"https:\/\/sklep.osgps.pl\/#organization","name":"OMNI System","url":"https:\/\/sklep.osgps.pl\/","logo":{"@type":"ImageObject","inLanguage":"pl-PL","@id":"https:\/\/sklep.osgps.pl\/#\/schema\/logo\/image\/","url":"https:\/\/sklep.osgps.pl\/wp-content\/uploads\/2025\/08\/cropped-Logo-OMNI-System-\u043f\u0440\u043e\u0437\u0440\u0430\u0447\u043d\u043e\u0435.png","contentUrl":"https:\/\/sklep.osgps.pl\/wp-content\/uploads\/2025\/08\/cropped-Logo-OMNI-System-\u043f\u0440\u043e\u0437\u0440\u0430\u0447\u043d\u043e\u0435.png","width":876,"height":276,"caption":"OMNI System"},"image":{"@id":"https:\/\/sklep.osgps.pl\/#\/schema\/logo\/image\/"}}]}},"jetpack_likes_enabled":true,"jetpack_sharing_enabled":true,"_links":{"self":[{"href":"https:\/\/sklep.osgps.pl\/index.php\/wp-json\/wp\/v2\/pages\/11","targetHints":{"allow":["GET"]}}],"collection":[{"href":"https:\/\/sklep.osgps.pl\/index.php\/wp-json\/wp\/v2\/pages"}],"about":[{"href":"https:\/\/sklep.osgps.pl\/index.php\/wp-json\/wp\/v2\/types\/page"}],"author":[{"embeddable":true,"href":"https:\/\/sklep.osgps.pl\/index.php\/wp-json\/wp\/v2\/users\/1"}],"replies":[{"embeddable":true,"href":"https:\/\/sklep.osgps.pl\/index.php\/wp-json\/wp\/v2\/comments?post=11"}],"version-history":[{"count":2,"href":"https:\/\/sklep.osgps.pl\/index.php\/wp-json\/wp\/v2\/pages\/11\/revisions"}],"predecessor-version":[{"id":160,"href":"https:\/\/sklep.osgps.pl\/index.php\/wp-json\/wp\/v2\/pages\/11\/revisions\/160"}],"wp:attachment":[{"href":"https:\/\/sklep.osgps.pl\/index.php\/wp-json\/wp\/v2\/media?parent=11"}],"curies":[{"name":"wp","href":"https:\/\/api.w.org\/{rel}","templated":true}]}}